{"id":93,"date":"2024-09-08T10:32:12","date_gmt":"2024-09-08T08:32:12","guid":{"rendered":"https:\/\/its-your-turn.com\/?page_id=93"},"modified":"2025-05-12T22:49:25","modified_gmt":"2025-05-12T20:49:25","slug":"what-i-did","status":"publish","type":"page","link":"https:\/\/its-your-turn.com\/de\/what-i-did\/","title":{"rendered":"Vergangenheit"},"content":{"rendered":"<div class=\"wp-block-group alignfull has-background-color has-foreground-background-color has-text-color has-background has-global-padding is-layout-constrained wp-container-core-group-is-layout-65cc44b9 wp-block-group-is-layout-constrained\" style=\"margin-top:0;margin-bottom:0;padding-top:0;padding-right:0;padding-bottom:0;padding-left:0\">\n<div class=\"wp-block-media-text alignfull is-stacked-on-mobile has-accent-4-background-color has-background\" style=\"padding-top:0;padding-right:0;padding-bottom:0;padding-left:0;grid-template-columns:35% auto\"><figure class=\"wp-block-media-text__media\"><img loading=\"lazy\" decoding=\"async\" width=\"1024\" height=\"1024\" src=\"https:\/\/its-your-turn.com\/wp-content\/uploads\/2024\/09\/00cc630e-a058-4b76-8a0b-aa25c3f781d3.jpeg\" alt=\"\" class=\"wp-image-136 size-full\" srcset=\"https:\/\/its-your-turn.com\/wp-content\/uploads\/2024\/09\/00cc630e-a058-4b76-8a0b-aa25c3f781d3.jpeg 1024w, https:\/\/its-your-turn.com\/wp-content\/uploads\/2024\/09\/00cc630e-a058-4b76-8a0b-aa25c3f781d3-300x300.jpeg 300w, https:\/\/its-your-turn.com\/wp-content\/uploads\/2024\/09\/00cc630e-a058-4b76-8a0b-aa25c3f781d3-150x150.jpeg 150w, https:\/\/its-your-turn.com\/wp-content\/uploads\/2024\/09\/00cc630e-a058-4b76-8a0b-aa25c3f781d3-768x768.jpeg 768w\" sizes=\"auto, (max-width: 1024px) 100vw, 1024px\" \/><\/figure><div class=\"wp-block-media-text__content\">\n<div class=\"wp-block-group has-global-padding is-layout-constrained wp-container-core-group-is-layout-7a001c2e wp-block-group-is-layout-constrained\" style=\"padding-top:var(--wp--preset--spacing--80);padding-right:0;padding-bottom:var(--wp--preset--spacing--80);padding-left:0\">\n<h1 class=\"wp-block-heading has-x-large-font-size\">etwas zum Anschauen<\/h1>\n\n\n\n<p class=\"has-text-align-left\" style=\"margin-top:16px\">Ich hatte die Ehre, zweimal als Redner beim Educators\u2019 Day auf der Spiel Essen sprechen zu d\u00fcrfen. Meine Vortr\u00e4ge sind auf YouTube verf\u00fcgbar. Sie vermitteln einen guten Eindruck meines Ansatzes.<\/p>\n\n\n\n<p><strong>Mein Vortrag 2019:<\/strong><\/p>\n\n\n\n<figure class=\"wp-block-embed is-type-video is-provider-youtube wp-block-embed-youtube wp-embed-aspect-16-9 wp-has-aspect-ratio\"><div class=\"wp-block-embed__wrapper\">\n<iframe loading=\"lazy\" title=\"Psychological reasons for you to unlock the potentials of game based learning | Dr. Jan-David Freund\" width=\"500\" height=\"281\" src=\"https:\/\/www.youtube.com\/embed\/VnBtYPF66Fg?feature=oembed\" frameborder=\"0\" allow=\"accelerometer; autoplay; clipboard-write; encrypted-media; gyroscope; picture-in-picture; web-share\" referrerpolicy=\"strict-origin-when-cross-origin\" allowfullscreen><\/iframe>\n<\/div><\/figure>\n\n\n\n<p class=\"has-text-align-left\" style=\"margin-top:16px\"> <strong>Mein Vortrag 2023:<\/strong><\/p>\n\n\n\n<figure class=\"wp-block-embed is-type-video is-provider-youtube wp-block-embed-youtube wp-embed-aspect-16-9 wp-has-aspect-ratio\"><div class=\"wp-block-embed__wrapper\">\n<iframe loading=\"lazy\" title=\"SPIEL Essen 2023 - Don&#039;t make it educational | EDUCATOR&#039;S DAY\" width=\"500\" height=\"281\" src=\"https:\/\/www.youtube.com\/embed\/gqCdUdiovhE?feature=oembed\" frameborder=\"0\" allow=\"accelerometer; autoplay; clipboard-write; encrypted-media; gyroscope; picture-in-picture; web-share\" referrerpolicy=\"strict-origin-when-cross-origin\" allowfullscreen><\/iframe>\n<\/div><\/figure>\n<\/div>\n<\/div><\/div>\n\n\n\n<div class=\"wp-block-media-text alignfull has-media-on-the-right is-stacked-on-mobile has-base-background-color has-background\" style=\"padding-top:0;padding-bottom:0;grid-template-columns:auto 35%\"><div class=\"wp-block-media-text__content\">\n<div class=\"wp-block-group has-global-padding is-content-justification-center is-layout-constrained wp-container-core-group-is-layout-bca82272 wp-block-group-is-layout-constrained\" style=\"padding-top:var(--wp--preset--spacing--80);padding-right:0;padding-bottom:var(--wp--preset--spacing--80);padding-left:0\">\n<h1 class=\"wp-block-heading has-x-large-font-size\">etwas zum Lesen<\/h1>\n\n\n\n<p class=\"has-text-align-left\">Einer meiner Hauptmotivatoren ist das Thema Future Skills (mehr dazu unter <a href=\"\/de\/what-i-do\/\">Themen<\/a>). Es ist entscheidend, dass wir die Kinder von heute besser auf die Welt von morgen vorbereiten, als es die meisten Schulen derzeit verm\u00f6gen. Hierf\u00fcr gibt es verschiedene Ans\u00e4tze und Beispiele. Vor einigen Jahren habe ich f\u00fcr die HABA FAMILYGROUP sowohl die Dringlichkeit als auch gute L\u00f6sungsans\u00e4tze in einem Bildungsmanifest zusammengestellt. Das Dokument ist zwar nicht mehr auf der Homepage verf\u00fcgbar, kann aber immer noch abgerufen werden.<\/p>\n\n\n\n<div class=\"wp-block-buttons is-content-justification-left is-layout-flex wp-container-core-buttons-is-layout-fc4fd283 wp-block-buttons-is-layout-flex\">\n<div class=\"wp-block-button\"><a class=\"wp-block-button__link wp-element-button\" href=\"https:\/\/assets.ctfassets.net\/9hs7wkiibhjb\/3ULLgCc0IMeqMlCdvaFUNV\/5235bf646acd1d5ce7b8a0bedae4cf09\/Bildungsmanifest_final23.pdf\" target=\"_blank\" rel=\"noreferrer noopener\">Das HABA FAMILYGROUP Bildungsmanifest (externer Link, \u00f6ffnet einen neuen Tab)<\/a><\/div>\n<\/div>\n\n\n\n<p class=\"has-background-color has-text-color\" style=\"margin-top:16px\">Und wenn es etwas mit mehr Brettspielbezug sein soll, empfehle ich das Buchkapitel, das mein guter Freund Robin Eckert und ich f\u00fcr das 'Handbuch Brettspiele' von J\u00fcrgen Karla und Christoph Post geschrieben haben.<\/p>\n\n\n\n<div class=\"wp-block-buttons is-content-justification-left is-layout-flex wp-container-core-buttons-is-layout-fc4fd283 wp-block-buttons-is-layout-flex\">\n<div class=\"wp-block-button\"><a class=\"wp-block-button__link wp-element-button\" href=\"https:\/\/link.springer.com\/chapter\/10.1007\/978-3-662-68339-2_24\" target=\"_blank\" rel=\"noreferrer noopener\"> Kapitel \u201cRedaktionsarbeit f\u00fcr Kinderspiele\u201d (externer Link, \u00f6ffnet einen neuen Tab)<\/a><\/div>\n<\/div>\n\n\n\n<p class=\"has-background-color has-text-color\" style=\"margin-top:16px\">Ich habe au\u00dferdem noch ein paar der Interviews gefunden, die ich in den letzten Jahren gegeben habe:<\/p>\n\n\n\n<p><em><a href=\"https:\/\/www.polygon.com\/tabletop-games\/22608427\/bestselling-childrens-board-games-haba-yellow-boxes-child-psychologist-hammer-time\">How do you playtest a board game for 5-year-olds?<\/a><\/em> gef\u00fchrt von Charlie Hall f\u00fcr Polygon (Englisch, externer Link, \u00f6ffnet in neuem Tab)<\/p>\n\n\n\n<p><em><a href=\"https:\/\/www.haba-pro.com\/de-de\/wissen-tipps\/wie-kinder-spielend-lernen#experteninterview-zum-spielerischen-lernen\">Interview zu Lernen durch Spielen<\/a><\/em> f\u00fcr eine HABA Pro Themenseite \u00fcber <em>Wie Kinder durch Spielen lernen<\/em> (Deutsch, externer Link, \u00f6ffnet in neuem Tab)<\/p>\n\n\n\n<p><em><a href=\"https:\/\/www.haba-play.com\/de-de\/magazin\/kindererziehung-psychologie\/kinderpsychologie\/rollenspiele#interview-mit-dr-jan-david-freund-zu-rollenspiel-kinder-und-fasching\">Interview zu Rollenspiel, Kinder und Fasching<\/a><\/em> f\u00fcr eine HABA Themenseite \u00fcber <em>\u201eHeute bin ich \u2026\u201c \u2013 Wie Kinder von Rollenspielen profitieren<\/em> (Deutsch, externer Link, \u00f6ffnet in neuem Tab)<\/p>\n\n\n\n<p><a href=\"https:\/\/www.haba-pro.com\/de-de\/wissen-tipps\/produktreihen\/breeze-upp\">Interview zu <em>Der Raum als dritter P\u00e4dagoge<\/em><\/a> f\u00fcr eine HABA Pro Themenseite \u00fcber <em>Mehr Raum zum Durchatmen Raumkonzept Breeze.upp<\/em> (Deutsch, externer Link, \u00f6ffnet in neuem Tab)<\/p>\n\n\n\n<p><a href=\"https:\/\/www.news4teachers.de\/2023\/10\/weltgroesste-brettspiele-messe-wer-spielt-lernt-leichter-auch-in-der-schule\/\">Interview f\u00fcr eine dpa-Meldung<\/a> von Yuriko Wahl-Immel zum Thema <em>Weltgr\u00f6\u00dfte Brettspiele-Messe: \u201cWer spielt, lernt leichter \u2013 auch in der Schule\u201d<\/em> (Deutsch, externer Link, \u00f6ffnet in neuem Tab)<\/p>\n<\/div>\n<\/div><figure class=\"wp-block-media-text__media\"><img loading=\"lazy\" decoding=\"async\" width=\"1024\" height=\"1024\" src=\"https:\/\/its-your-turn.com\/wp-content\/uploads\/2024\/09\/lesende-Eule.jpeg\" alt=\"\" class=\"wp-image-139 size-full\" srcset=\"https:\/\/its-your-turn.com\/wp-content\/uploads\/2024\/09\/lesende-Eule.jpeg 1024w, https:\/\/its-your-turn.com\/wp-content\/uploads\/2024\/09\/lesende-Eule-300x300.jpeg 300w, https:\/\/its-your-turn.com\/wp-content\/uploads\/2024\/09\/lesende-Eule-150x150.jpeg 150w, https:\/\/its-your-turn.com\/wp-content\/uploads\/2024\/09\/lesende-Eule-768x768.jpeg 768w\" sizes=\"auto, (max-width: 1024px) 100vw, 1024px\" \/><\/figure><\/div>\n<\/div>\n\n\n\n<div class=\"wp-block-group alignfull has-accent-4-background-color has-background has-global-padding is-layout-constrained wp-container-core-group-is-layout-7276a2bb wp-block-group-is-layout-constrained\" style=\"margin-top:0;margin-bottom:0;padding-top:var(--wp--preset--spacing--60);padding-right:var(--wp--preset--spacing--30);padding-bottom:var(--wp--preset--spacing--60);padding-left:var(--wp--preset--spacing--30)\">\n<div class=\"wp-block-columns alignwide is-layout-flex wp-container-core-columns-is-layout-28f84493 wp-block-columns-is-layout-flex\">\n<div class=\"wp-block-column is-layout-flow wp-block-column-is-layout-flow\" style=\"flex-basis:40%\">\n<h2 class=\"wp-block-heading has-large-font-size\">Events, Vortr\u00e4ge, Workshops<\/h2>\n\n\n\n<p>Im Laufe der Jahre hatte ich zahlreiche Gelegenheiten, Vortr\u00e4ge und Workshops zu halten. Ich werde hier nach und nach die wichtigsten seit 2019 auflisten.<\/p>\n\n\n\n<p>Ich bin mir fast sicher, dass ich einige Ereignisse vergessen habe. Diese Liste ist daher als unvollst\u00e4ndig und in Arbeit befindlich zu betrachten. \u00dcber Hinweise auf Veranstaltungen, die ich \u00fcbersehen habe, bin ich dankbar.<\/p>\n<\/div>\n\n\n\n<div class=\"wp-block-column is-layout-flow wp-block-column-is-layout-flow\" style=\"flex-basis:67%\">\n<div class=\"wp-block-group has-tertiary-background-color has-background has-global-padding is-layout-constrained wp-container-core-group-is-layout-23b1a4dc wp-block-group-is-layout-constrained\" style=\"padding-top:var(--wp--preset--spacing--30);padding-right:var(--wp--preset--spacing--30);padding-bottom:var(--wp--preset--spacing--30);padding-left:var(--wp--preset--spacing--30)\">\n<div class=\"wp-block-group is-content-justification-space-between is-nowrap is-layout-flex wp-container-core-group-is-layout-cb46ffcb wp-block-group-is-layout-flex\">\n<h3 class=\"wp-block-heading\" style=\"font-size:clamp(14px, 0.875rem + ((1vw - 3.2px) * 0.625), 20px);line-height:1.5\">Workshop zu Digitaler Bildung in der Grundschule f\u00fcr das Kollegium in <a href=\"https:\/\/grundschule-dombuehl.de\/\">Domb\u00fchl &#8211; Weissenkirchberg<\/a> f\u00fcr <em>HABA Pro<\/em><\/h3>\n\n\n\n<p style=\"margin-top:8px;font-size:clamp(0.875rem, 0.875rem + ((1vw - 0.2rem) * 0.042), 0.9rem);text-transform:uppercase\">Feb, 2025 <\/p>\n<\/div>\n\n\n\n<p class=\"has-small-font-size\" style=\"margin-top:16px\">In diesem Workshop stellte M\u00f6glichkeiten vor, wie der Einstieg in die digitale Bildung in Grundschulen gelingen kann. Da dies in Bayern (noch) nicht in den Lehrpl\u00e4nen verankert ist, musste ich kreativ sein und nach Interpretationsm\u00f6glichkeiten und Ansatzpunkten in andere F\u00e4chern Ausschau halten.<\/p>\n<\/div>\n\n\n\n<div class=\"wp-block-group has-tertiary-background-color has-background has-global-padding is-layout-constrained wp-container-core-group-is-layout-23b1a4dc wp-block-group-is-layout-constrained\" style=\"padding-top:var(--wp--preset--spacing--30);padding-right:var(--wp--preset--spacing--30);padding-bottom:var(--wp--preset--spacing--30);padding-left:var(--wp--preset--spacing--30)\">\n<div class=\"wp-block-group is-content-justification-space-between is-nowrap is-layout-flex wp-container-core-group-is-layout-cb46ffcb wp-block-group-is-layout-flex\">\n<h3 class=\"wp-block-heading\" style=\"font-size:clamp(14px, 0.875rem + ((1vw - 3.2px) * 0.625), 20px);line-height:1.5\"><a href=\"https:\/\/www.haba-pro.com\/de-de\/s\/service-vorteile\/events\/fachtag\">Fachtag f\u00fcr fr\u00fchkindliche Bildung in Krippe &amp; Kita<\/a> von <em>HABA Pro<\/em><\/h3>\n\n\n\n<p style=\"margin-top:8px;font-size:clamp(0.875rem, 0.875rem + ((1vw - 0.2rem) * 0.042), 0.9rem);text-transform:uppercase\">aPR &amp; OCT,\u00a02024 &amp; May,\u00a02025<\/p>\n<\/div>\n\n\n\n<p class=\"has-small-font-size\" style=\"margin-top:16px\">In einem Workshop vermittelte ich den Ansatz der Digital Starters Reihe, Kindern bereits ab dem sp\u00e4ten Kindergartenalter die Grundlagen der digitalen Bildung auf explorative Weise mit Spiel und Spa\u00df und ganz ohne Bildschirm und Batterien zu vermitteln.<\/p>\n<\/div>\n\n\n\n<div class=\"wp-block-group has-tertiary-background-color has-background has-global-padding is-layout-constrained wp-container-core-group-is-layout-23b1a4dc wp-block-group-is-layout-constrained\" style=\"padding-top:var(--wp--preset--spacing--30);padding-right:var(--wp--preset--spacing--30);padding-bottom:var(--wp--preset--spacing--30);padding-left:var(--wp--preset--spacing--30)\">\n<div class=\"wp-block-group is-content-justification-space-between is-nowrap is-layout-flex wp-container-core-group-is-layout-cb46ffcb wp-block-group-is-layout-flex\">\n<h3 class=\"wp-block-heading\" style=\"font-size:clamp(14px, 0.875rem + ((1vw - 3.2px) * 0.625), 20px);line-height:1.5\">Online-Infotag f\u00fcr digitale Anwendungen in der KiTa 2024 der <em><a href=\"https:\/\/ressourcenwerkstatt.de\/\">Ressourcenwerkstatt<\/a><\/em><\/h3>\n\n\n\n<p class=\"has-small-font-size\" style=\"margin-top:8px;text-transform:uppercase\">Dez, 2023 &amp; Juli, 2024<\/p>\n<\/div>\n\n\n\n<p class=\"has-small-font-size\" style=\"margin-top:16px\">Unter dem Titel 'Anregungen f\u00fcr einen spielerischen Einstieg in die Digitale Bildung' pr\u00e4sentierte ich bew\u00e4hrte M\u00f6glichkeiten f\u00fcr bildschirmlose digitale Bildung in jungen Jahren.<\/p>\n<\/div>\n\n\n\n<div class=\"wp-block-group has-tertiary-background-color has-background has-global-padding is-layout-constrained wp-container-core-group-is-layout-23b1a4dc wp-block-group-is-layout-constrained\" style=\"padding-top:var(--wp--preset--spacing--30);padding-right:var(--wp--preset--spacing--30);padding-bottom:var(--wp--preset--spacing--30);padding-left:var(--wp--preset--spacing--30)\">\n<div class=\"wp-block-group is-content-justification-space-between is-nowrap is-layout-flex wp-container-core-group-is-layout-cb46ffcb wp-block-group-is-layout-flex\">\n<h3 class=\"wp-block-heading\" style=\"font-size:clamp(14px, 0.875rem + ((1vw - 3.2px) * 0.625), 20px);line-height:1.5\">Jahrestreffen der <em><a href=\"https:\/\/www.arseg.de\/\">ARS eG<\/a><\/em> (ein Zusammenschluss ambitionierter Spielwarenh\u00e4ndler*innen mit toller Haltung)<\/h3>\n\n\n\n<p class=\"has-small-font-size\" style=\"margin-top:8px;text-transform:uppercase\">Apr, 2024 &amp; May, 2025<\/p>\n<\/div>\n\n\n\n<p class=\"has-small-font-size\" style=\"margin-top:16px\">Die ARS ist ein Zusammenschluss engagierter Spielwarenh\u00e4ndler*innen, die sich gemeinsam daf\u00fcr einsetzen, qualitativ hochwertiges Spielzeug mit p\u00e4dagogischem Wert anzubieten. Ich habe einen Vortrag \u00fcber Zukunftstrends und Future Skills f\u00fcr Kinder gehalten. Mein Schwerpunkt lag darauf, die versammelten Spielwarenh\u00e4ndler*innen in die Lage zu versetzen, ihr Produktsortiment so zu kuratieren, dass es wichtige Future Skills f\u00f6rdert und ihre Kunden entsprechend effektiv zu beraten.<\/p>\n<\/div>\n\n\n\n<div class=\"wp-block-group has-tertiary-background-color has-background has-global-padding is-layout-constrained wp-container-core-group-is-layout-23b1a4dc wp-block-group-is-layout-constrained\" style=\"padding-top:var(--wp--preset--spacing--30);padding-right:var(--wp--preset--spacing--30);padding-bottom:var(--wp--preset--spacing--30);padding-left:var(--wp--preset--spacing--30)\">\n<div class=\"wp-block-group is-content-justification-space-between is-nowrap is-layout-flex wp-container-core-group-is-layout-cb46ffcb wp-block-group-is-layout-flex\">\n<h3 class=\"wp-block-heading\" style=\"font-size:clamp(14px, 0.875rem + ((1vw - 3.2px) * 0.625), 20px);line-height:1.5\"><a href=\"https:\/\/www.tezba.de\/projekte\/veranstaltungen-zur-fruehen-mint-bildung\/rueckblicke-und-kontakte\/\">Tagung zur Fr\u00fchen MINT- Bildung 2023<\/a> (Conference on early STEM education 2023)<\/h3>\n\n\n\n<p class=\"has-small-font-size\" style=\"margin-top:8px;text-transform:uppercase\">OKT, 2023<\/p>\n<\/div>\n\n\n\n<p class=\"has-small-font-size\">Gemeinsam mit Steffi Plank und meiner Kollegin Ingrid Harke hielt ich einen Workshop \u00fcber den Einsatz digitaler und nicht-digitaler Werkzeuge in der fr\u00fchen MINT-Bildung mit dem Schwerpunkt auf p\u00e4dagogischen Ans\u00e4tzen f\u00fcr das explorative und forschende Lernen mit Kindern ab 4 Jahren.<\/p>\n<\/div>\n\n\n\n<div class=\"wp-block-group has-tertiary-background-color has-background has-global-padding is-layout-constrained wp-container-core-group-is-layout-23b1a4dc wp-block-group-is-layout-constrained\" style=\"padding-top:var(--wp--preset--spacing--30);padding-right:var(--wp--preset--spacing--30);padding-bottom:var(--wp--preset--spacing--30);padding-left:var(--wp--preset--spacing--30)\">\n<div class=\"wp-block-group is-content-justification-space-between is-nowrap is-layout-flex wp-container-core-group-is-layout-cb46ffcb wp-block-group-is-layout-flex\">\n<h3 class=\"wp-block-heading\" style=\"font-size:clamp(14px, 0.875rem + ((1vw - 3.2px) * 0.625), 20px);line-height:1.5\">Educators\u2019 Day 2023 auf der SPIEL Essen<\/h3>\n\n\n\n<p class=\"has-small-font-size\" style=\"margin-top:8px;text-transform:uppercase\">OKT, 2023<\/p>\n<\/div>\n\n\n\n<p class=\"has-small-font-size\" style=\"margin-top:16px\">Ich hielt einen Vortrag mit dem Titel 'Don't make it educational.' \u00fcber die wichtigsten Dos und Dont's von Spieleautor*innen und Verlagen, die ein Spiel mit p\u00e4dagogischen Ambitionen entwickeln.<\/p>\n<\/div>\n\n\n\n<div class=\"wp-block-group has-tertiary-background-color has-background has-global-padding is-layout-constrained wp-container-core-group-is-layout-23b1a4dc wp-block-group-is-layout-constrained\" style=\"padding-top:var(--wp--preset--spacing--30);padding-right:var(--wp--preset--spacing--30);padding-bottom:var(--wp--preset--spacing--30);padding-left:var(--wp--preset--spacing--30)\">\n<div class=\"wp-block-group is-content-justification-space-between is-nowrap is-layout-flex wp-container-core-group-is-layout-cb46ffcb wp-block-group-is-layout-flex\">\n<h3 class=\"wp-block-heading\" style=\"font-size:clamp(14px, 0.875rem + ((1vw - 3.2px) * 0.625), 20px);line-height:1.5\">Podiumsdiskussion \u201eDigital 2.0 - Wege zur zukunftsf\u00e4higen Bildung in Hamburg\u201c in der HABA Digitalwerkstatt Hamburg<\/h3>\n\n\n\n<p class=\"has-small-font-size\" style=\"margin-top:8px;text-transform:uppercase\">Apr, 2022<\/p>\n<\/div>\n\n\n\n<p class=\"has-small-font-size\" style=\"margin-top:16px\">Gemeinsam mit meiner Kollegin Imke Kaufmann habe ich diese Podiumsdiskussion mit Politikern, Bildungsakteuren und Bildungsinfluencern organisiert, ausgerichtet und moderiert.<\/p>\n<\/div>\n\n\n\n<div class=\"wp-block-group has-tertiary-background-color has-background has-global-padding is-layout-constrained wp-container-core-group-is-layout-23b1a4dc wp-block-group-is-layout-constrained\" style=\"padding-top:var(--wp--preset--spacing--30);padding-right:var(--wp--preset--spacing--30);padding-bottom:var(--wp--preset--spacing--30);padding-left:var(--wp--preset--spacing--30)\">\n<div class=\"wp-block-group is-content-justification-space-between is-nowrap is-layout-flex wp-container-core-group-is-layout-cb46ffcb wp-block-group-is-layout-flex\">\n<h3 class=\"wp-block-heading\" style=\"font-size:clamp(14px, 0.875rem + ((1vw - 3.2px) * 0.625), 20px);line-height:1.5\">Educators&#8217; Day 2021 @spiel.digital<\/h3>\n\n\n\n<p class=\"has-small-font-size\" style=\"margin-top:8px;text-transform:uppercase\">OKT, 2021<\/p>\n<\/div>\n\n\n\n<p class=\"has-small-font-size\" style=\"margin-top:16px\">Auf der SPIEL.digital habe ich eine internationale Podiumsdiskussion zum Thema spielbasiertes Lernen organisiert und moderiert.<\/p>\n<\/div>\n\n\n\n<div class=\"wp-block-group has-tertiary-background-color has-background has-global-padding is-layout-constrained wp-container-core-group-is-layout-23b1a4dc wp-block-group-is-layout-constrained\" style=\"padding-top:var(--wp--preset--spacing--30);padding-right:var(--wp--preset--spacing--30);padding-bottom:var(--wp--preset--spacing--30);padding-left:var(--wp--preset--spacing--30)\">\n<div class=\"wp-block-group is-content-justification-space-between is-nowrap is-layout-flex wp-container-core-group-is-layout-cb46ffcb wp-block-group-is-layout-flex\">\n<h3 class=\"wp-block-heading\" style=\"font-size:clamp(14px, 0.875rem + ((1vw - 3.2px) * 0.625), 20px);line-height:1.5\">Vortragsreihe \u201eWissenschaftliche Grundlagen des Spielens und Lernens\u201c auf Burg Giebichenstein, Hochschule f\u00fcr Kunst und Design Halle<\/h3>\n\n\n\n<p class=\"has-small-font-size\" style=\"margin-top:8px;text-transform:uppercase\">Jun &amp; Oct, 2021<\/p>\n<\/div>\n\n\n\n<p class=\"has-small-font-size\" style=\"margin-top:16px\">Ich hielt einen Vortrag mit dem Titel 'Aufbruch ins Spielen' zur fr\u00fchen Entwicklung des Spielens im Leben von Kindern f\u00fcr die Spielzeugdesign-Studierenden. F\u00fcr die Abteilung Produktentwicklung und Design von HABA erweiterte ich diesen Vortrag sp\u00e4ter auf das fr\u00fche Grundschulalter.<\/p>\n<\/div>\n\n\n\n<div class=\"wp-block-group has-tertiary-background-color has-background has-global-padding is-layout-constrained wp-container-core-group-is-layout-23b1a4dc wp-block-group-is-layout-constrained\" style=\"padding-top:var(--wp--preset--spacing--30);padding-right:var(--wp--preset--spacing--30);padding-bottom:var(--wp--preset--spacing--30);padding-left:var(--wp--preset--spacing--30)\">\n<div class=\"wp-block-group is-content-justification-space-between is-nowrap is-layout-flex wp-container-core-group-is-layout-cb46ffcb wp-block-group-is-layout-flex\">\n<h3 class=\"wp-block-heading\" style=\"font-size:clamp(14px, 0.875rem + ((1vw - 3.2px) * 0.625), 20px);line-height:1.5\">Educators\u2019 Day 2019 auf der SPIEL Essen<\/h3>\n\n\n\n<p class=\"has-small-font-size\" style=\"margin-top:8px;text-transform:uppercase\">OCT, 2019<\/p>\n<\/div>\n\n\n\n<p class=\"has-small-font-size\" style=\"margin-top:16px\">Am ersten Educators\u2019 Day auf der SPIEL wurde ich eingeladen, einen Vortrag zu halten. Ich entschied mich f\u00fcr den Titel \u201cIt\u2019s your turn! \u2013 Psychological reasons for you to unlock the potentials of game based learning\u201d.<\/p>\n<\/div>\n\n\n\n<div class=\"wp-block-group has-tertiary-background-color has-background has-global-padding is-layout-constrained wp-container-core-group-is-layout-23b1a4dc wp-block-group-is-layout-constrained\" style=\"padding-top:var(--wp--preset--spacing--30);padding-right:var(--wp--preset--spacing--30);padding-bottom:var(--wp--preset--spacing--30);padding-left:var(--wp--preset--spacing--30)\">\n<div class=\"wp-block-group is-content-justification-space-between is-nowrap is-layout-flex wp-container-core-group-is-layout-cb46ffcb wp-block-group-is-layout-flex\">\n<h3 class=\"wp-block-heading\" style=\"font-size:clamp(14px, 0.875rem + ((1vw - 3.2px) * 0.625), 20px);line-height:1.5\">Thementage \u201eThreedaysforfuture\u201c an der FAKS Coburg<\/h3>\n\n\n\n<p class=\"has-small-font-size\" style=\"margin-top:8px;text-transform:uppercase\">Jul, 2019<\/p>\n<\/div>\n\n\n\n<p class=\"has-small-font-size\" style=\"margin-top:16px\">Ich hielt einen Vortrag \u00fcber Fragen der Nachhaltigkeit in der Spielzeugindustrie, in dem ich die verschiedenen Aspekte von Nachhaltigkeit bei Produktion, Vertrieb und Vermarktung von Spielzeug sowie die Bedeutung von Spielzeug im Kontext der Bildung f\u00fcr nachhaltige Entwicklung beleuchtete.<\/p>\n<\/div>\n\n\n\n<div class=\"wp-block-group has-tertiary-background-color has-background has-global-padding is-layout-constrained wp-container-core-group-is-layout-23b1a4dc wp-block-group-is-layout-constrained\" style=\"padding-top:var(--wp--preset--spacing--30);padding-right:var(--wp--preset--spacing--30);padding-bottom:var(--wp--preset--spacing--30);padding-left:var(--wp--preset--spacing--30)\">\n<div class=\"wp-block-group is-content-justification-space-between is-nowrap is-layout-flex wp-container-core-group-is-layout-cb46ffcb wp-block-group-is-layout-flex\">\n<h3 class=\"wp-block-heading\" style=\"font-size:clamp(14px, 0.875rem + ((1vw - 3.2px) * 0.625), 20px);line-height:1.5\">Beansprouts HABA Learning Program Er\u00f6ffnungszeremonie<\/h3>\n\n\n\n<p class=\"has-small-font-size\" style=\"margin-top:8px;text-transform:uppercase\">April, 2019<\/p>\n<\/div>\n\n\n\n<p class=\"has-small-font-size\" style=\"margin-top:16px\">Chingjiaqiao center, Shanghai<\/p>\n\n\n\n<p class=\"has-small-font-size\" style=\"margin-top:16px\">Ich leitete einen Workshop \u00fcber das Konzept und die Anwendung des \"HABA Learning Programs\", eines Curriculums mit 134 Einheiten, das Brettspiele f\u00fcr einen ganzheitlichen Lernansatz nutzt.<\/p>\n\n\n\n<p class=\"has-small-font-size\" style=\"margin-top:16px\">Dies war der erste einer Reihe von Workshops, die ich in den folgenden Jahren in Berlin, Bad Rodach und online (w\u00e4hrend der COVID-19-Pandemie) f\u00fcr Partner und Brettspielp\u00e4dagogen aus China, S\u00fcdkorea, Taiwan, Hongkong, Singapur, Thailand, der Mongolei und Malaysia hielt.<\/p>\n<\/div>\n<\/div>\n<\/div>\n<\/div>","protected":false},"excerpt":{"rendered":"<p>something to watch I had the honor of being invited twice as a speaker at Educators\u2019 Day at Spiel Essen. My talks are available on YouTube. If you\u2019re interested in an introduction to my approach, feel free to watch them. My talk in 2019: My talk in 2023: something to read One of my main [&hellip;]<\/p>\n","protected":false},"author":1,"featured_media":0,"parent":0,"menu_order":0,"comment_status":"closed","ping_status":"closed","template":"","meta":{"footnotes":""},"class_list":["post-93","page","type-page","status-publish","hentry"],"_links":{"self":[{"href":"https:\/\/its-your-turn.com\/de\/wp-json\/wp\/v2\/pages\/93","targetHints":{"allow":["GET"]}}],"collection":[{"href":"https:\/\/its-your-turn.com\/de\/wp-json\/wp\/v2\/pages"}],"about":[{"href":"https:\/\/its-your-turn.com\/de\/wp-json\/wp\/v2\/types\/page"}],"author":[{"embeddable":true,"href":"https:\/\/its-your-turn.com\/de\/wp-json\/wp\/v2\/users\/1"}],"replies":[{"embeddable":true,"href":"https:\/\/its-your-turn.com\/de\/wp-json\/wp\/v2\/comments?post=93"}],"version-history":[{"count":27,"href":"https:\/\/its-your-turn.com\/de\/wp-json\/wp\/v2\/pages\/93\/revisions"}],"predecessor-version":[{"id":326,"href":"https:\/\/its-your-turn.com\/de\/wp-json\/wp\/v2\/pages\/93\/revisions\/326"}],"wp:attachment":[{"href":"https:\/\/its-your-turn.com\/de\/wp-json\/wp\/v2\/media?parent=93"}],"curies":[{"name":"wp","href":"https:\/\/api.w.org\/{rel}","templated":true}]}}