{"id":77,"date":"2024-09-08T10:19:24","date_gmt":"2024-09-08T08:19:24","guid":{"rendered":"https:\/\/its-your-turn.com\/?page_id=77"},"modified":"2024-09-12T20:43:38","modified_gmt":"2024-09-12T18:43:38","slug":"legal-notices","status":"publish","type":"page","link":"https:\/\/its-your-turn.com\/de\/legal-notices\/","title":{"rendered":"Rechtliches"},"content":{"rendered":"<p>Jan-David Freund<br>Margaretendamm 10<br>96052 Bamberg<br>eMail: <a href=\"mailto:info@its-your-turn.com?subject=Hey%20there!\">info@its-your-turn.com<\/a><br>Internet: <a href=\"https:\/\/its-your-turn.com\/de\/\">www.its-your-turn.com<\/a><br>Verantwortlicher im Sinne von \u00a7 18 Abs. 2 MStV: Jan-David Freund<\/p>\n\n\n\n<p><bdo lang=\"en\" dir=\"ltr\">Der einzige Zweck dieser Website besteht darin, \u00fcber meine Positionen und Aktivit\u00e4ten zu informieren. Es werden keine Gesch\u00e4fte dar\u00fcber abgewickelt und es werden keine Werbeeinnahmen oder sonstige Gewinne erzielt. Its-Your-Turn-Consulting erhebt, verarbeitet und teilt keine Daten \u00fcber die Besucher dieser Website. <\/bdo><\/p>\n\n\n\n<h3 class=\"wp-block-heading\">Urheberrecht<\/h3>\n\n\n\n<p>Die durch den Seitenbetreiber erstellten Inhalte und Werke auf diesen Seiten unterliegen dem deutschen Urheberrecht. Die Vervielf\u00e4ltigung, Bearbeitung, Verbreitung und jede Art der Verwertung au\u00dferhalb der Grenzen des Urheberrechtes bed\u00fcrfen der schriftlichen Zustimmung des jeweiligen Autors bzw. Erstellers. Downloads und Kopien dieser Seite sind nur f\u00fcr den privaten, nicht f\u00fcr den kommerziellen Gebrauch gestattet.<\/p>\n\n\n\n<p>Soweit die Inhalte auf dieser Seite nicht von mir erstellt wurden, beachte ich die Urheberrechte Dritter. Insbesondere sind Inhalte Dritter als solche gekennzeichnet. Sollten Sie trotzdem auf eine Urheberrechtsverletzung aufmerksam werden, bitte ich um einen entsprechenden Hinweis. Bei Bekanntwerden von Rechtsverletzungen werde ich derartige Inhalte umgehend entfernen.<\/p>\n\n\n\n<div class=\"wp-block-group is-nowrap is-layout-flex wp-container-core-group-is-layout-6c531013 wp-block-group-is-layout-flex\">\n<h3 class=\"wp-block-heading\">Hinweis<\/h3>\n<\/div>\n\n\n\n<p>Die auf den Webseiten verf\u00fcgbaren Beitr\u00e4ge dienen nur der allgemeinen Information und stellen keine Beratung im Einzelfall dar. Ich bin bestrebt, f\u00fcr die Richtigkeit und Aktualit\u00e4t aller auf der Website enthaltenen Informationen und Daten zu sorgen. Es wird jedoch keine Gew\u00e4hr f\u00fcr die Korrektheit, Vollst\u00e4ndigkeit, Aktualit\u00e4t oder Qualit\u00e4t der bereitgestellten Informationen und Daten \u00fcbernommen. Eine Haftung f\u00fcr den Inhalt der abrufbaren Informationen ist ausgeschlossen, soweit es sich nicht um eine vors\u00e4tzliche oder grob fahrl\u00e4ssige Falschinformation handelt. Verpflichtungen zur Entfernung oder Sperrung der Nutzung von Informationen nach den allgemeinen Gesetzen bleiben hiervon unber\u00fchrt. Eine diesbez\u00fcgliche Haftung ist jedoch erst ab dem Zeitpunkt der Kenntnis einer konkreten Rechtsverletzung m\u00f6glich. Bei Bekanntwerden von entsprechenden Rechtsverletzungen werde ich diese Inhalte umgehend entfernen.<\/p>\n\n\n\n<p>Ich bin nicht verantwortlich f\u00fcr den Inhalt von Websites, die von dieser Seite aus \u00fcber Hyperlinks erreicht werden k\u00f6nnen. F\u00fcr den Inhalt der verlinkten Seiten sind ausschlie\u00dflich deren Betreiber verantwortlich. Sofern sie nicht direkt von mir stammen, mache ich mir den Inhalt dieser Internetseiten ausdr\u00fccklich nicht zu eigen und kann daher keine Gew\u00e4hr f\u00fcr die Richtigkeit, Vollst\u00e4ndigkeit und Verf\u00fcgbarkeit der Inhalte \u00fcbernehmen. Ich habe bei der erstmaligen Verkn\u00fcpfung den fremden Inhalt daraufhin \u00fcberpr\u00fcft, ob durch ihn eine m\u00f6gliche zivilrechtliche oder strafrechtliche Verantwortlichkeit ausgel\u00f6st wird, aber bin nicht dazu verpflichtet, die Inhalte, auf die ich verweise, st\u00e4ndig auf Ver\u00e4nderungen zu \u00fcberpr\u00fcfen, die eine Verantwortlichkeit neu begr\u00fcnden k\u00f6nnten. Erst wenn ich feststelle oder von anderen darauf hingewiesen werde, dass ein konkretes Angebot, zu dem ich einen Link bereitgestellt habe, eine zivil- oder strafrechtliche Verantwortlichkeit ausl\u00f6st, werde ich den Verweis auf dieses Angebot entfernen.<\/p>\n\n\n\n<p><\/p>","protected":false},"excerpt":{"rendered":"<p>Jan-David FreundMargaretendamm 1096052 BambergeMail: info@its-your-turn.cominternet: www.its-your-turn.comresponsible for the content according to \u00a7 18 para. 2 MStV: Jan-David Freund The sole purpose of this website is to provide information about my positions and activities. No business is conducted through it and no advertising revenue or other profits are generated. Its-Your-Turn-Consulting does not collect, process or share [&hellip;]<\/p>\n","protected":false},"author":1,"featured_media":0,"parent":0,"menu_order":0,"comment_status":"closed","ping_status":"closed","template":"","meta":{"footnotes":""},"class_list":["post-77","page","type-page","status-publish","hentry"],"_links":{"self":[{"href":"https:\/\/its-your-turn.com\/de\/wp-json\/wp\/v2\/pages\/77","targetHints":{"allow":["GET"]}}],"collection":[{"href":"https:\/\/its-your-turn.com\/de\/wp-json\/wp\/v2\/pages"}],"about":[{"href":"https:\/\/its-your-turn.com\/de\/wp-json\/wp\/v2\/types\/page"}],"author":[{"embeddable":true,"href":"https:\/\/its-your-turn.com\/de\/wp-json\/wp\/v2\/users\/1"}],"replies":[{"embeddable":true,"href":"https:\/\/its-your-turn.com\/de\/wp-json\/wp\/v2\/comments?post=77"}],"version-history":[{"count":9,"href":"https:\/\/its-your-turn.com\/de\/wp-json\/wp\/v2\/pages\/77\/revisions"}],"predecessor-version":[{"id":211,"href":"https:\/\/its-your-turn.com\/de\/wp-json\/wp\/v2\/pages\/77\/revisions\/211"}],"wp:attachment":[{"href":"https:\/\/its-your-turn.com\/de\/wp-json\/wp\/v2\/media?parent=77"}],"curies":[{"name":"wp","href":"https:\/\/api.w.org\/{rel}","templated":true}]}}