{"id":15,"date":"2024-08-30T21:51:05","date_gmt":"2024-08-30T21:51:05","guid":{"rendered":"https:\/\/its-your-turn.com\/start\/"},"modified":"2024-10-15T20:34:56","modified_gmt":"2024-10-15T18:34:56","slug":"home","status":"publish","type":"page","link":"https:\/\/its-your-turn.com\/de\/","title":{"rendered":"It\u2019s Your Turn\u2026"},"content":{"rendered":"<div class=\"wp-block-group alignfull has-background-background-color has-background has-global-padding is-layout-constrained wp-container-core-group-is-layout-046d5c65 wp-block-group-is-layout-constrained\" style=\"margin-top:0;margin-bottom:0;padding-top:0;padding-right:var(--wp--preset--spacing--30);padding-bottom:0;padding-left:var(--wp--preset--spacing--30)\">\n<div class=\"wp-block-columns alignfull is-layout-flex wp-container-core-columns-is-layout-e5e30b16 wp-block-columns-is-layout-flex\" style=\"padding-right:0;padding-left:0\">\n<div class=\"wp-block-column is-vertically-aligned-center is-layout-flow wp-block-column-is-layout-flow\">\n<div class=\"wp-block-group has-global-padding is-content-justification-center is-layout-constrained wp-container-core-group-is-layout-417956f5 wp-block-group-is-layout-constrained\" style=\"padding-top:var(--wp--preset--spacing--30);padding-right:0;padding-bottom:var(--wp--preset--spacing--30);padding-left:0\">\n<p class=\"has-large-font-size\"><bdo lang=\"en\" dir=\"ltr\">\u2026das psychologische Potenzial spielerischen Lernens zu erschlie\u00dfen.<\/bdo><\/p>\n\n\n\n<p>Spielen ist eine Lerntechnik, die den Menschen seit Millionen von Jahren begleitet. Sie hat eine Schl\u00fcsselrolle in der kulturellen Entwicklung der Menschheit gespielt. Kein Wunder also, dass Spielen evolution\u00e4r tief in unserer Psychologie verwurzelt ist und daher \u00fcber enormes Potenzial f\u00fcr die meisten informellen und auch formellen Bildungskontexte verf\u00fcgt. Entsprechend w\u00e4ren Spielzeuge und Brettspiele eigentlich ideale p\u00e4dagogische Instrumente und sollten daher in Bildungskontexten allgegenw\u00e4rtig sein.<\/p>\n\n\n\n<p>Leider verkennen viele P\u00e4dagog*innen und Entscheidungstr\u00e4ger*innen im Bildungsbereich dieses Potenzial und lehnen das Spielen als kindisch ab. Stattdessen bevorzugen sie Lernmethoden, die sich zu sehr auf Wiederholung und Konditionierung st\u00fctzen und andere Aspekte wie intrinsische Motivation oder die lernf\u00f6rdernde Wirkung positiver Gef\u00fchle vernachl\u00e4ssigen. Ich behaupte nicht, dass Spielen die einzige effektive Lernmethode ist, aber es ist ziemlich sicher die am meisten untersch\u00e4tzte.<\/p>\n\n\n\n<p>Ich m\u00f6chte dazu beitragen, das zu \u00e4ndern und die Prinzipien und Ans\u00e4tze des Spielens \u00fcberall dorthin zu bringen, wo wichtige Zukunftskompetenzen vermittelt werden sollen. Alle, die sich mit diesen Zielen identifizieren k\u00f6nnen und neugierig auf meine Ans\u00e4tze sind, lade ich herzlich ein, sich auf dieser Seite umzusehen und mit mir Kontakt aufzunehmen.<\/p>\n\n\n\n<div class=\"wp-block-buttons is-layout-flex wp-container-core-buttons-is-layout-12dcd427 wp-block-buttons-is-layout-flex\" style=\"margin-top:var(--wp--preset--spacing--40)\">\n<div class=\"wp-block-button is-style-outline is-style-outline--1\"><a class=\"wp-block-button__link wp-element-button\" href=\"\/de\/what-I-do\/\">mehr Infos<\/a><\/div>\n\n\n\n<div class=\"wp-block-button\"><a class=\"wp-block-button__link wp-element-button\" href=\"mailto:info@its-your-turn.com?subject=Hey%20there!\">Kontaktaufnahme<\/a><\/div>\n<\/div>\n<\/div>\n<\/div>\n\n\n\n<div class=\"wp-block-column is-vertically-aligned-stretch is-layout-flow wp-block-column-is-layout-flow\">\n<div class=\"wp-block-cover has-border-color has-base-border-color has-aspect-ratio\" style=\"border-width:75px;min-height:75vh;aspect-ratio:1;min-height:unset;\"><span aria-hidden=\"true\" class=\"wp-block-cover__background has-background-dim-0 has-background-dim\" style=\"background-color:#9d9aa2\"><\/span><img loading=\"lazy\" decoding=\"async\" width=\"1024\" height=\"1024\" class=\"wp-block-cover__image-background wp-image-253\" alt=\"\" src=\"https:\/\/its-your-turn.com\/wp-content\/uploads\/2024\/09\/Designer.jpeg\" style=\"object-position:53% 74%\" data-object-fit=\"cover\" data-object-position=\"53% 74%\" srcset=\"https:\/\/its-your-turn.com\/wp-content\/uploads\/2024\/09\/Designer.jpeg 1024w, https:\/\/its-your-turn.com\/wp-content\/uploads\/2024\/09\/Designer-300x300.jpeg 300w, https:\/\/its-your-turn.com\/wp-content\/uploads\/2024\/09\/Designer-150x150.jpeg 150w, https:\/\/its-your-turn.com\/wp-content\/uploads\/2024\/09\/Designer-768x768.jpeg 768w\" sizes=\"auto, (max-width: 1024px) 100vw, 1024px\" \/><div class=\"wp-block-cover__inner-container is-layout-flow wp-block-cover-is-layout-flow\">\n<div style=\"height:380px\" aria-hidden=\"true\" class=\"wp-block-spacer\"><\/div>\n<\/div><\/div>\n<\/div>\n<\/div>\n<\/div>","protected":false},"excerpt":{"rendered":"<p>&#8230;to unlock the psychological reasoned potentials of play-based learning. Playing is a learning technique that has accompanied humans for many millions of years. It has played a key role in the cultural development of mankind. So it is no wonder that our evolution has endowed play with some powerful psychological mechanisms that give it the [&hellip;]<\/p>\n","protected":false},"author":1,"featured_media":45,"parent":0,"menu_order":0,"comment_status":"closed","ping_status":"closed","template":"","meta":{"footnotes":""},"class_list":["post-15","page","type-page","status-publish","has-post-thumbnail","hentry"],"_links":{"self":[{"href":"https:\/\/its-your-turn.com\/de\/wp-json\/wp\/v2\/pages\/15","targetHints":{"allow":["GET"]}}],"collection":[{"href":"https:\/\/its-your-turn.com\/de\/wp-json\/wp\/v2\/pages"}],"about":[{"href":"https:\/\/its-your-turn.com\/de\/wp-json\/wp\/v2\/types\/page"}],"author":[{"embeddable":true,"href":"https:\/\/its-your-turn.com\/de\/wp-json\/wp\/v2\/users\/1"}],"replies":[{"embeddable":true,"href":"https:\/\/its-your-turn.com\/de\/wp-json\/wp\/v2\/comments?post=15"}],"version-history":[{"count":23,"href":"https:\/\/its-your-turn.com\/de\/wp-json\/wp\/v2\/pages\/15\/revisions"}],"predecessor-version":[{"id":286,"href":"https:\/\/its-your-turn.com\/de\/wp-json\/wp\/v2\/pages\/15\/revisions\/286"}],"wp:featuredmedia":[{"embeddable":true,"href":"https:\/\/its-your-turn.com\/de\/wp-json\/wp\/v2\/media\/45"}],"wp:attachment":[{"href":"https:\/\/its-your-turn.com\/de\/wp-json\/wp\/v2\/media?parent=15"}],"curies":[{"name":"wp","href":"https:\/\/api.w.org\/{rel}","templated":true}]}}