{"id":14,"date":"2024-08-30T21:51:04","date_gmt":"2024-08-30T21:51:04","guid":{"rendered":"https:\/\/its-your-turn.com\/ueber\/"},"modified":"2025-11-07T10:51:04","modified_gmt":"2025-11-07T08:51:04","slug":"about","status":"publish","type":"page","link":"https:\/\/its-your-turn.com\/de\/about\/","title":{"rendered":"\u00dcber mich"},"content":{"rendered":"<div class=\"wp-block-group alignfull has-background-background-color has-background has-global-padding is-layout-constrained wp-container-core-group-is-layout-edc5738a wp-block-group-is-layout-constrained\" style=\"margin-top:0;margin-bottom:0;padding-top:var(--wp--preset--spacing--10);padding-right:var(--wp--preset--spacing--30);padding-bottom:var(--wp--preset--spacing--10);padding-left:var(--wp--preset--spacing--30)\">\n<div class=\"wp-block-columns alignwide are-vertically-aligned-center is-layout-flex wp-container-core-columns-is-layout-9effc7d7 wp-block-columns-is-layout-flex\">\n<div class=\"wp-block-column is-vertically-aligned-center is-layout-flow wp-block-column-is-layout-flow\">\n<h1 class=\"wp-block-heading has-large-font-size\">Dr. Jan-David Freund<\/h1>\n\n\n\n<ul class=\"wp-block-list\">\n<li>&gt;18 Jahre Psychologie<\/li>\n\n\n\n<li>&gt;16 Jahre Bildungswissenschaften<\/li>\n\n\n\n<li>&gt;12 Jahre gl\u00fccklicher Vater von drei wundervollen Kindern<\/li>\n\n\n\n<li>&gt;7 Jahre in der Bildungs-, Spielzeug- und Brettspielbranche<\/li>\n<\/ul>\n\n\n\n<p style=\"margin-top:16px\"><bdo lang=\"en\" dir=\"ltr\"><em>Nach Abschluss meines Studiums der Psychologie, P\u00e4dagogik, Soziologie, Philosophie und Informatik begann ich meine Promotion im Bereich der Entwicklungspsychologie mit Forschungen zur kindlichen Entwicklung im Vorschulalter sowie zur Qualit\u00e4t institutioneller und h\u00e4uslicher Lernumwelten. 2018 schloss ich meine <a href=\"https:\/\/fis.uni-bamberg.de\/entities\/publication\/6a3f7779-0252-4c70-9b99-cc11e3c63a39\">Promotion<\/a> am Lehrstuhl f\u00fcr Entwicklungspsychologie der Otto-Friedrich-Universit\u00e4t Bamberg ab. Seit 2019 bin ich als Experte f\u00fcr P\u00e4dagogik und Psychologie sowie Zukunftskompetenzen in der Bildungs-, Brettspiel- und Spielzeugbranche t\u00e4tig. Mein p\u00e4dagogischer Schwerpunkt liegt auf spielerischen und explorativen Lernans\u00e4tzen, inspiriert von Klassikern wie Dewey, Montessori, Vygotsky und Bruner, wobei ich stets offen f\u00fcr moderne Medien und neue Entwicklungen bin.<\/em><\/bdo><\/p>\n\n\n\n<div class=\"wp-block-buttons is-content-justification-center is-layout-flex wp-container-core-buttons-is-layout-a89b3969 wp-block-buttons-is-layout-flex\">\n<div class=\"wp-block-button\"><a class=\"wp-block-button__link wp-element-button\" href=\"mailto:info@its-your-turn.com?subject=Hey%20there!\">Kontaktaufnahme<\/a><\/div>\n<\/div>\n<\/div>\n\n\n\n<div class=\"wp-block-column is-layout-flow wp-block-column-is-layout-flow\">\n<figure class=\"wp-block-image aligncenter size-full is-resized\"><img loading=\"lazy\" decoding=\"async\" width=\"1730\" height=\"2307\" src=\"https:\/\/its-your-turn.com\/wp-content\/uploads\/2025\/03\/IMG_E2873-edited.jpg\" alt=\"\" class=\"wp-image-317\" style=\"width:419px;height:auto\" srcset=\"https:\/\/its-your-turn.com\/wp-content\/uploads\/2025\/03\/IMG_E2873-edited.jpg 1730w, https:\/\/its-your-turn.com\/wp-content\/uploads\/2025\/03\/IMG_E2873-edited-225x300.jpg 225w, https:\/\/its-your-turn.com\/wp-content\/uploads\/2025\/03\/IMG_E2873-edited-768x1024.jpg 768w, https:\/\/its-your-turn.com\/wp-content\/uploads\/2025\/03\/IMG_E2873-edited-1152x1536.jpg 1152w, https:\/\/its-your-turn.com\/wp-content\/uploads\/2025\/03\/IMG_E2873-edited-1536x2048.jpg 1536w, https:\/\/its-your-turn.com\/wp-content\/uploads\/2025\/03\/IMG_E2873-edited-9x12.jpg 9w\" sizes=\"auto, (max-width: 1730px) 100vw, 1730px\" \/><\/figure>\n<\/div>\n<\/div>\n<\/div>","protected":false},"excerpt":{"rendered":"<p>Meet Dr. Jan-David Freund After completing my studies in psychology, education, sociology, philosophy, and computer sciences, I began my doctorate in the field of developmental psychology with research on child development in preschool age as well as the quality of institutional and home learning environments. 2018 I finished my thesis and received a PhD from [&hellip;]<\/p>\n","protected":false},"author":1,"featured_media":0,"parent":0,"menu_order":0,"comment_status":"closed","ping_status":"closed","template":"","meta":{"footnotes":""},"class_list":["post-14","page","type-page","status-publish","hentry"],"_links":{"self":[{"href":"https:\/\/its-your-turn.com\/de\/wp-json\/wp\/v2\/pages\/14","targetHints":{"allow":["GET"]}}],"collection":[{"href":"https:\/\/its-your-turn.com\/de\/wp-json\/wp\/v2\/pages"}],"about":[{"href":"https:\/\/its-your-turn.com\/de\/wp-json\/wp\/v2\/types\/page"}],"author":[{"embeddable":true,"href":"https:\/\/its-your-turn.com\/de\/wp-json\/wp\/v2\/users\/1"}],"replies":[{"embeddable":true,"href":"https:\/\/its-your-turn.com\/de\/wp-json\/wp\/v2\/comments?post=14"}],"version-history":[{"count":17,"href":"https:\/\/its-your-turn.com\/de\/wp-json\/wp\/v2\/pages\/14\/revisions"}],"predecessor-version":[{"id":339,"href":"https:\/\/its-your-turn.com\/de\/wp-json\/wp\/v2\/pages\/14\/revisions\/339"}],"wp:attachment":[{"href":"https:\/\/its-your-turn.com\/de\/wp-json\/wp\/v2\/media?parent=14"}],"curies":[{"name":"wp","href":"https:\/\/api.w.org\/{rel}","templated":true}]}}