{"id":107,"date":"2024-09-08T12:27:25","date_gmt":"2024-09-08T10:27:25","guid":{"rendered":"https:\/\/its-your-turn.com\/?page_id=107"},"modified":"2024-09-08T12:49:26","modified_gmt":"2024-09-08T10:49:26","slug":"support","status":"publish","type":"page","link":"https:\/\/its-your-turn.com\/de\/support\/","title":{"rendered":"Lust bekommen, mich zu unterst\u00fctzen?"},"content":{"rendered":"<div class=\"wp-block-group alignfull has-background-background-color has-background has-global-padding is-layout-constrained wp-container-core-group-is-layout-254d6575 wp-block-group-is-layout-constrained\" style=\"margin-top:0;margin-bottom:0;padding-top:var(--wp--preset--spacing--60);padding-right:var(--wp--preset--spacing--30);padding-bottom:var(--wp--preset--spacing--60);padding-left:var(--wp--preset--spacing--30)\">\n<div class=\"wp-block-columns alignwide are-vertically-aligned-center is-layout-flex wp-container-core-columns-is-layout-08c01c1c wp-block-columns-is-layout-flex\">\n<div class=\"wp-block-column is-layout-flow wp-block-column-is-layout-flow\" style=\"flex-basis:25%\">\n<figure class=\"wp-block-image aligncenter size-full\"><img loading=\"lazy\" decoding=\"async\" width=\"1024\" height=\"1024\" src=\"https:\/\/its-your-turn.com\/wp-content\/uploads\/2024\/09\/Donate.jpeg\" alt=\"\" class=\"wp-image-108\" style=\"aspect-ratio:4\/3;object-fit:cover\" srcset=\"https:\/\/its-your-turn.com\/wp-content\/uploads\/2024\/09\/Donate.jpeg 1024w, https:\/\/its-your-turn.com\/wp-content\/uploads\/2024\/09\/Donate-300x300.jpeg 300w, https:\/\/its-your-turn.com\/wp-content\/uploads\/2024\/09\/Donate-150x150.jpeg 150w, https:\/\/its-your-turn.com\/wp-content\/uploads\/2024\/09\/Donate-768x768.jpeg 768w\" sizes=\"auto, (max-width: 1024px) 100vw, 1024px\" \/><\/figure>\n<\/div>\n\n\n\n<div class=\"wp-block-column is-vertically-aligned-center is-layout-flow wp-block-column-is-layout-flow\" style=\"flex-basis:50%\">\n<h1 class=\"wp-block-heading has-text-align-left has-large-font-size\">Ich hab da mal was vorbereitet.<\/h1>\n\n\n\n<p class=\"has-text-align-left\" style=\"margin-top:16px\">Alle, die meine Arbeit unterst\u00fctzen wollen oder die mit mir einen Austausch mit Mehrwert hatten, lade ich ein, mich zu unterst\u00fctzen. Sei es durch eine Empfehlung oder ein kleines Trinkgeld. Die derzeit verf\u00fcgbaren M\u00f6glichkeiten f\u00fcr Letzteres habe ich unter dem Link auf der rechten Seite zusammengestellt.<\/p>\n<\/div>\n\n\n\n<div class=\"wp-block-column is-vertically-aligned-center is-layout-flow wp-block-column-is-layout-flow\">\n<div class=\"wp-block-buttons is-content-justification-right is-layout-flex wp-container-core-buttons-is-layout-d445cf74 wp-block-buttons-is-layout-flex\">\n<div class=\"wp-block-button\"><a class=\"wp-block-button__link wp-element-button\" href=\"https:\/\/coindrop.to\/its-your-turn\" target=\"_blank\" rel=\"noreferrer noopener\">M\u00f6glichkeiten, mir ein Trinkgeld zukommen zu lassen (extern, \u00f6ffnet einen neuen Tab)<\/a><\/div>\n<\/div>\n<\/div>\n<\/div>\n<\/div>","protected":false},"excerpt":{"rendered":"<p>Here is how you can support it. If you like what I do or if we had an exchange that was valuable to you, you can support me by telling others about my work or by making a small donation. I have collected the currently available options under the link on the right side.<\/p>","protected":false},"author":1,"featured_media":0,"parent":0,"menu_order":0,"comment_status":"closed","ping_status":"closed","template":"","meta":{"footnotes":""},"class_list":["post-107","page","type-page","status-publish","hentry"],"_links":{"self":[{"href":"https:\/\/its-your-turn.com\/de\/wp-json\/wp\/v2\/pages\/107","targetHints":{"allow":["GET"]}}],"collection":[{"href":"https:\/\/its-your-turn.com\/de\/wp-json\/wp\/v2\/pages"}],"about":[{"href":"https:\/\/its-your-turn.com\/de\/wp-json\/wp\/v2\/types\/page"}],"author":[{"embeddable":true,"href":"https:\/\/its-your-turn.com\/de\/wp-json\/wp\/v2\/users\/1"}],"replies":[{"embeddable":true,"href":"https:\/\/its-your-turn.com\/de\/wp-json\/wp\/v2\/comments?post=107"}],"version-history":[{"count":2,"href":"https:\/\/its-your-turn.com\/de\/wp-json\/wp\/v2\/pages\/107\/revisions"}],"predecessor-version":[{"id":121,"href":"https:\/\/its-your-turn.com\/de\/wp-json\/wp\/v2\/pages\/107\/revisions\/121"}],"wp:attachment":[{"href":"https:\/\/its-your-turn.com\/de\/wp-json\/wp\/v2\/media?parent=107"}],"curies":[{"name":"wp","href":"https:\/\/api.w.org\/{rel}","templated":true}]}}