{"id":10,"date":"2024-08-30T21:51:03","date_gmt":"2024-08-30T21:51:03","guid":{"rendered":"https:\/\/its-your-turn.com\/dienstleistungen\/"},"modified":"2024-09-25T23:35:44","modified_gmt":"2024-09-25T21:35:44","slug":"what-i-do","status":"publish","type":"page","link":"https:\/\/its-your-turn.com\/de\/what-i-do\/","title":{"rendered":"Zukunft"},"content":{"rendered":"<div class=\"wp-block-group alignfull has-background-background-color has-background has-global-padding is-layout-constrained wp-container-core-group-is-layout-832022f9 wp-block-group-is-layout-constrained\" style=\"margin-top:0;margin-bottom:0;padding-top:0;padding-right:0;padding-bottom:0;padding-left:0\">\n<div class=\"wp-block-cover alignfull\" style=\"padding-top:0;padding-right:var(--wp--preset--spacing--30);padding-bottom:0;padding-left:var(--wp--preset--spacing--30);min-height:50px;aspect-ratio:unset;\"><span aria-hidden=\"true\" class=\"wp-block-cover__background has-black-background-color has-background-dim-60 has-background-dim\"><\/span><img loading=\"lazy\" decoding=\"async\" width=\"1024\" height=\"1024\" class=\"wp-block-cover__image-background wp-image-250\" alt=\"\" src=\"https:\/\/its-your-turn.com\/wp-content\/uploads\/2024\/09\/Designer-2.jpeg\" style=\"object-position:51% 100%\" data-object-fit=\"cover\" data-object-position=\"51% 100%\" srcset=\"https:\/\/its-your-turn.com\/wp-content\/uploads\/2024\/09\/Designer-2.jpeg 1024w, https:\/\/its-your-turn.com\/wp-content\/uploads\/2024\/09\/Designer-2-300x300.jpeg 300w, https:\/\/its-your-turn.com\/wp-content\/uploads\/2024\/09\/Designer-2-150x150.jpeg 150w, https:\/\/its-your-turn.com\/wp-content\/uploads\/2024\/09\/Designer-2-768x768.jpeg 768w\" sizes=\"auto, (max-width: 1024px) 100vw, 1024px\" \/><div class=\"wp-block-cover__inner-container is-layout-flow wp-block-cover-is-layout-flow\">\n<div class=\"wp-block-group has-global-padding is-layout-constrained wp-block-group-is-layout-constrained\" style=\"padding-top:var(--wp--preset--spacing--60);padding-bottom:var(--wp--preset--spacing--60)\">\n<div class=\"wp-block-group alignwide has-global-padding is-content-justification-center is-layout-constrained wp-block-group-is-layout-constrained\">\n<h1 class=\"wp-block-heading has-text-align-center has-text-color has-x-large-font-size\" style=\"color:#fffffffc\">Vortr\u00e4ge, Workshops und individuelle Beratung f\u00fcr alle, die auf spielerisches Lernen setzen<\/h1>\n<\/div>\n<\/div>\n<\/div><\/div>\n<\/div>\n\n\n\n<div class=\"wp-block-group alignfull has-tertiary-background-color has-background has-global-padding is-layout-constrained wp-container-core-group-is-layout-7276a2bb wp-block-group-is-layout-constrained\" style=\"margin-top:0;margin-bottom:0;padding-top:var(--wp--preset--spacing--60);padding-right:var(--wp--preset--spacing--30);padding-bottom:var(--wp--preset--spacing--60);padding-left:var(--wp--preset--spacing--30)\">\n<div class=\"wp-block-group has-global-padding is-content-justification-left is-layout-constrained wp-container-core-group-is-layout-8b4c372c wp-block-group-is-layout-constrained\">\n<h2 class=\"wp-block-heading has-text-align-center has-large-font-size\">Its-Your-Turn-Consulting<\/h2>\n\n\n\n<p class=\"has-text-align-center\">Ich biete mein Fachwissen in den Bereichen Entwicklungspsychologie, P\u00e4dagogik und Entwicklung von Spielen und Spielzeug mit hohem p\u00e4dagogischem Wert an. Diese Erfahrungen habe ich w\u00e4hrend meiner Promotion und meiner Zeit in der Bildungs-, Spielzeug- und Brettspielindustrie gesammelt.<br>Ich freue mich besonders \u00fcber Anfragen von Verlagen, Autor*innen und Designer*innen sowie \u00fcber Projekte, die sich dem spielerischen Lernen und der Nutzung des Spiels als Bildungsmedium widmen.<\/p>\n\n\n\n<p class=\"has-text-align-center\">Meine Unterst\u00fctzung reicht von hilfreichen Anregungen und vertiefenden Gespr\u00e4chen bis hin zu umfassender Beratung und klassischen Brettspielredaktionsleistungen.<\/p>\n\n\n\n<p class=\"has-text-align-center\">Weitere Informationen finden sich in den nachstehenden Abschnitten \u00fcber Themen und Zielgruppen.<\/p>\n<\/div>\n<\/div>\n\n\n\n<div class=\"wp-block-group alignfull has-accent-4-background-color has-background has-global-padding is-layout-constrained wp-container-core-group-is-layout-69e97b25 wp-block-group-is-layout-constrained\" style=\"margin-top:0;margin-bottom:0;padding-top:var(--wp--preset--spacing--30);padding-right:var(--wp--preset--spacing--30);padding-bottom:var(--wp--preset--spacing--30);padding-left:var(--wp--preset--spacing--30)\">\n<h1 class=\"wp-block-heading has-text-align-center is-style-default\">Themen<\/h1>\n\n\n\n<div class=\"wp-block-columns alignwide is-layout-flex wp-container-core-columns-is-layout-28f84493 wp-block-columns-is-layout-flex\">\n<div class=\"wp-block-column is-layout-flow wp-block-column-is-layout-flow\" style=\"flex-basis:80%\">\n<div class=\"wp-block-columns alignwide is-layout-flex wp-container-core-columns-is-layout-28f84493 wp-block-columns-is-layout-flex\">\n<div class=\"wp-block-column has-background-background-color has-background is-layout-flow wp-block-column-is-layout-flow\" style=\"padding-top:1.5rem;padding-right:1.5rem;padding-bottom:1.5rem;padding-left:1.5rem\">\n<p class=\"has-small-font-size\" style=\"margin-top:16px\">Ich interessiere mich f\u00fcr ein breites Spektrum an Themen. F\u00fcr diese Homepage habe ich mich auf die wichtigsten konzentriert.<\/p>\n\n\n\n<h2 class=\"wp-block-heading\" style=\"font-size:clamp(14px, 0.875rem + ((1vw - 3.2px) * 0.625), 20px);line-height:1.5\"><strong>Future Skills<\/strong><\/h2>\n\n\n\n<p class=\"has-small-font-size\" style=\"margin-top:8px\"><bdo lang=\"en\" dir=\"ltr\">Die Welt befindet sich wie schon immer in einem kontinuierlichen Wandel. Doch heute vollzieht sich dieser Wandel in noch nie dagewesenem Tempo. Nie zuvor war die Diskrepanz zwischen der Welt, in der Kinder aufwachsen, und der Welt, in der sie als Erwachsene leben werden, gr\u00f6\u00dfer.<br>Dies stellt eine enorme Herausforderung f\u00fcr uns als Gesellschaft dar. Wir m\u00fcssen die Kinder bestm\u00f6glich auf diesen Wandel vorbereiten, und wir alle m\u00fcssen daf\u00fcr dringend aktiv werden. Unser Bildungssystem hinkt hinterher; seine Umgestaltung ist l\u00e4ngst \u00fcberf\u00e4llig. Wir m\u00fcssen von der Weitergabe von Generationenwissen zur F\u00f6rderung von Zukunftskompetenzen \u00fcbergehen. In Zukunft wird sich niemand mehr ausschlie\u00dflich auf einmal erlerntes Wissen und F\u00e4higkeiten verlassen k\u00f6nnen. Es ist von entscheidender Bedeutung, Kinder zu lebenslangem, nachhaltigem Lernen und zur eigenst\u00e4ndigen Erkundung der Welt zu bef\u00e4higen.<\/bdo><\/p>\n\n\n\n<h2 class=\"wp-block-heading\" style=\"font-size:clamp(14px, 0.875rem + ((1vw - 3.2px) * 0.625), 20px);line-height:1.5\"><strong>Digitale Bildung<\/strong><\/h2>\n\n\n\n<p class=\"has-small-font-size\" style=\"margin-top:8px\">Die Kinder von heute sind von klein auf digital. Auch wenn wir es leugnen, k\u00f6nnen wir es nicht verhindern. Ihre ersten Erfahrungen in dieser Welt machen sie dann aber allein. Wenn wir sie stattdessen auf ihren ersten Schritten an die Hand nehmen, wird ihre Reise viel sicherer, selbstbestimmter und angenehmer verlaufen.<\/p>\n\n\n\n<p class=\"has-small-font-size\" style=\"margin-top:8px\">Unser wichtigstes Ziel sollte sein, dass Kinder sich als Mitgestalter digitaler Welten und des digitalen Wandels begreifen und nicht nur als Konsumenten der Arbeit anderer. Selbst wenn sie nicht die Erfinder der n\u00e4chsten gro\u00dfen Sache werden, wird ihnen eine solide Grundlage in der digitalen Bildung helfen, neue Tools als verantwortungsbewusste und kritische Nutzer zu bewerten und zu nutzen.<br>\u00dcberraschenderweise braucht man oft nicht einmal einen Bildschirm, um mit dieser Bef\u00e4higung zu beginnen. Indem wir mit ihnen analytisches und kritisches Denken \u00fcben, helfen wir ihnen, neue Zusammenh\u00e4nge zu entdecken und vorgegebene Annahmen zu hinterfragen. Klassische Spielformen wie Rollenspiele oder Brettspiele f\u00f6rdern beide Aspekte hervorragend, vor allem wenn Kinder erfahren, dass Bedeutung und Regeln nicht festgelegt sind, sondern gemeinsam konstruiert und ausgehandelt werden k\u00f6nnen. Weitere wichtige S\u00e4ulen f\u00fcr digitale Kompetenzen wie visuelles Denken, Vorstellungskraft, Kreativit\u00e4t, T\u00fcfteln, Experimentieren, Computational Thinking und vor allem ein konstruktiver Umgang mit Fehlern, R\u00fcckschl\u00e4gen und Kritik sollten auf vielf\u00e4ltige und spielerische Weise gef\u00f6rdert werden.<\/p>\n<\/div>\n\n\n\n<div class=\"wp-block-column has-background-background-color has-background is-layout-flow wp-block-column-is-layout-flow\" style=\"padding-top:1.5rem;padding-right:1.5rem;padding-bottom:1.5rem;padding-left:1.5rem\">\n<h2 class=\"wp-block-heading\" style=\"font-size:clamp(14px, 0.875rem + ((1vw - 3.2px) * 0.625), 20px);line-height:1.5\"><strong>Spielbasiertes Lernen<\/strong><\/h2>\n\n\n\n<p class=\"has-small-font-size\" style=\"margin-top:8px\">Brettspiele eignen sich hervorragend zur F\u00f6rderung von Schl\u00fcsselkompetenzen bei Kindern, wie z. B. MINT-F\u00e4higkeiten, sozialen F\u00e4higkeiten, Kommunikationsf\u00e4higkeiten, motorischen F\u00e4higkeiten, strategischem und kreativem Denken und Probleml\u00f6sung. Ihre K\u00f6nigsdisziplin ist die F\u00f6rderung exekutiver Funktionen, die in Zeiten von Informationsflut, \u00fcberbordender Emotionen und st\u00e4ndigen Ablenkungen f\u00fcr unser \u00dcberleben unerl\u00e4sslich sind.<\/p>\n\n\n\n<p class=\"has-small-font-size\" style=\"margin-top:8px\">Aber Spiele stimulieren nicht nur, sie k\u00f6nnen auch angespannte Situationen in etwas Wunderbares verwandeln. Sie k\u00f6nnen ung\u00fcnstige soziale Dynamiken aufbrechen und heilen, indem sie Menschen zusammenbringen, die sonst vielleicht nicht oder nur auf unfreundliche Weise miteinander reden w\u00fcrden. Wenn Menschen ihre Begeisterung und Freude miteinander teilen, k\u00f6nnen alle Spannungen \u00fcberwunden werden.<\/p>\n\n\n\n<h2 class=\"wp-block-heading\" style=\"font-size:clamp(14px, 0.875rem + ((1vw - 3.2px) * 0.625), 20px);line-height:1.5\"><strong><strong>Bildung f\u00fcr nachhaltige Entwicklung<\/strong><\/strong><\/h2>\n\n\n\n<p class=\"has-small-font-size\" style=\"margin-top:8px\">Die Menschheit ist derzeit mit einer Reihe von existenziellen Krisen konfrontiert, wobei die Klimakrise vielleicht die heimt\u00fcckischste ist. Ihre Auswirkungen werden erst mit erheblicher Verz\u00f6gerung sichtbar und ihre Bek\u00e4mpfung erfordert nicht nur einen massiven Wandel in der Art und Weise, wie wir leben und unseren Wohlstand erwirtschaften, sondern auch ein globales Engagement jetzt, auch wenn die Ergebnisse unserer Bem\u00fchungen erst in ferner Zukunft sichtbar sein werden. Es wird immer deutlicher, dass die meisten Erwachsenen nicht willens oder in der Lage sind, ihre Comfortzone ausreichend zu verlassen und sich schnell genug auf den notwendigen  Wandel einzulassen. Daher ist es von entscheidender Bedeutung, der n\u00e4chsten Generation von klein auf die richtigen Werte zu vermitteln und ihr die F\u00e4higkeiten zum kritischen Denken beizubringen, die sie braucht, um die Gesellschaft zu ver\u00e4ndern, wenn sie \u00e4lter wird, und dabei die Fehler der Eltern und Gro\u00dfeltern zu vermeiden.<\/p>\n\n\n\n<p class=\"has-small-font-size\" style=\"margin-top:8px\">Spielerisches Lernen ist ein wirksames Mittel, um verschiedene Konzepte zu vermitteln, darunter auch das Lernen f\u00fcr nachhaltige Entwicklung. Rollenspiele helfen, aus gewohnten Denkmustern auszubrechen, andere Perspektiven einzunehmen und die Welt als formbar zu begreifen. Gutes Spielzeug kann die Neugier auf wissenschaftliche und \u00f6kologische Zusammenh\u00e4nge f\u00f6rdern und deren Erkundung unterst\u00fctzen. Brettspiele k\u00f6nnen durch ihre Themen und Spielmechanismen veranschaulichen und trainieren, wie wir die Welt zum Besseren ver\u00e4ndern k\u00f6nnen und m\u00fcssen. Angesichts der Bedeutung des Spiels in der Gesellschaft k\u00f6nnen wir es uns nicht leisten, diesen Hebel nicht zu ergreifen. Es w\u00e4re auch schade, denn dieses Unterfangen birgt in einem ernsten Thema das Potenzial f\u00fcr gro\u00dfartige Projekte und eine Menge Spa\u00df.<\/p>\n<\/div>\n<\/div>\n<\/div>\n\n\n\n<div class=\"wp-block-column is-layout-flow wp-block-column-is-layout-flow\" style=\"flex-basis:50%\">\n<figure class=\"wp-block-image size-full\"><img loading=\"lazy\" decoding=\"async\" width=\"1024\" height=\"1024\" src=\"https:\/\/its-your-turn.com\/wp-content\/uploads\/2024\/09\/Logo.jpeg\" alt=\"\" class=\"wp-image-245\" style=\"aspect-ratio:1;object-fit:cover\" srcset=\"https:\/\/its-your-turn.com\/wp-content\/uploads\/2024\/09\/Logo.jpeg 1024w, https:\/\/its-your-turn.com\/wp-content\/uploads\/2024\/09\/Logo-300x300.jpeg 300w, https:\/\/its-your-turn.com\/wp-content\/uploads\/2024\/09\/Logo-150x150.jpeg 150w, https:\/\/its-your-turn.com\/wp-content\/uploads\/2024\/09\/Logo-768x768.jpeg 768w\" sizes=\"auto, (max-width: 1024px) 100vw, 1024px\" \/><\/figure>\n\n\n\n<h2 class=\"wp-block-heading\" style=\"font-size:clamp(14px, 0.875rem + ((1vw - 3.2px) * 0.625), 20px);line-height:1.5\"><strong>andere Formen des innovativen, spielerischen und explorativen Lernens<\/strong><\/h2>\n\n\n\n<p class=\"has-small-font-size\" style=\"margin-top:8px\">Spielen ist eine wunderbare M\u00f6glichkeit, die Entwicklung von Kindern zu f\u00f6rdern, aber es ist nicht die einzige. Neben dem spielerischen Lernen begeistere ich mich auch f\u00fcr andere Lehrmethoden, die die Neugier und den Enthusiasmus der Kinder f\u00f6rdern und ihnen Raum zum Wachsen geben, anstatt sie zur\u00fcckzuhalten und sie in traditionelle Denkmuster zu zwingen.<\/p>\n<\/div>\n<\/div>\n<\/div>\n\n\n\n<div class=\"wp-block-group alignfull has-tertiary-background-color has-background has-global-padding is-layout-constrained wp-container-core-group-is-layout-69e97b25 wp-block-group-is-layout-constrained\" style=\"margin-top:0;margin-bottom:0;padding-top:var(--wp--preset--spacing--30);padding-right:var(--wp--preset--spacing--30);padding-bottom:var(--wp--preset--spacing--30);padding-left:var(--wp--preset--spacing--30)\">\n<h1 class=\"wp-block-heading has-text-align-center\"><bdo lang=\"en\" dir=\"ltr\">Zielgruppen<\/bdo><\/h1>\n\n\n\n<div class=\"wp-block-columns alignwide is-layout-flex wp-container-core-columns-is-layout-28f84493 wp-block-columns-is-layout-flex\">\n<div class=\"wp-block-column is-layout-flow wp-block-column-is-layout-flow\" style=\"flex-basis:80%\">\n<div class=\"wp-block-columns alignwide is-layout-flex wp-container-core-columns-is-layout-28f84493 wp-block-columns-is-layout-flex\">\n<div class=\"wp-block-column has-background-background-color has-background is-layout-flow wp-block-column-is-layout-flow\" style=\"padding-top:1.5rem;padding-right:1.5rem;padding-bottom:1.5rem;padding-left:1.5rem\">\n<p class=\"has-small-font-size\" style=\"margin-top:16px\"><bdo lang=\"en\" dir=\"ltr\">Ich liebe es, direkt mit kreativen und p\u00e4dagogisch t\u00e4tigen Menschen zusammenzuarbeiten. Au\u00dferdem unterst\u00fctze ich gerne Institutionen und Projekte, die Menschen inspirieren oder ihnen den Raum geben, gro\u00dfartige Arbeit zu leisten. Was f\u00fcr mich z\u00e4hlt, sind das gemeinsame Ziel und der Impact.<\/bdo><\/p>\n\n\n\n<h2 class=\"wp-block-heading\" style=\"font-size:clamp(14px, 0.875rem + ((1vw - 3.2px) * 0.625), 20px);line-height:1.5\"><strong><bdo lang=\"en\" dir=\"ltr\">F\u00fcr Verlage und Firmen<\/bdo><\/strong><\/h2>\n\n\n\n<p class=\"has-small-font-size\" style=\"margin-top:8px\"><bdo lang=\"en\" dir=\"ltr\">Ob es sich um eine neue Produktlinie oder ein Bildungsprogramm, eine interne Konferenz oder eine inspirierende Veranstaltung handelt, wenn es darum geht, die Zukunftsf\u00e4higkeit von Kindern zu f\u00f6rdern und\/oder spielerische Lernmethoden einzusetzen, sollten wir ins Gespr\u00e4ch kommen.<\/bdo><\/p>\n\n\n\n<h2 class=\"wp-block-heading\" style=\"font-size:clamp(14px, 0.875rem + ((1vw - 3.2px) * 0.625), 20px);line-height:1.5\"><strong>F\u00fcr Museen, Projekte, Initiativen<\/strong><\/h2>\n\n\n\n<p class=\"has-small-font-size\" style=\"margin-top:8px\">Besonders gerne unterst\u00fctze ich gemeinn\u00fctzige Projekte und \u00f6ffentliche Einrichtungen, die sich mit der F\u00f6rderung von Kindern oder innovativen Lernmethoden besch\u00e4ftigen.<\/p>\n<\/div>\n\n\n\n<div class=\"wp-block-column has-background-background-color has-background is-layout-flow wp-block-column-is-layout-flow\" style=\"padding-top:1.5rem;padding-right:1.5rem;padding-bottom:1.5rem;padding-left:1.5rem\">\n<h2 class=\"wp-block-heading\" style=\"font-size:clamp(14px, 0.875rem + ((1vw - 3.2px) * 0.625), 20px);line-height:1.5\"><strong><bdo lang=\"en\" dir=\"ltr\">F\u00fcr Autor*innen und Designer*innen<\/bdo><\/strong><\/h2>\n\n\n\n<p class=\"has-small-font-size\" style=\"margin-top:8px\"><bdo lang=\"en\" dir=\"ltr\">Es ist ein neues Spielzeug oder Brettspiel in Vorbereitung, das Kinder zu Hause oder in einem p\u00e4dagogischen Kontext f\u00f6rdern soll? Ob es sich um ein fr\u00fches Konzept oder einen fast fertigen Prototyp handelt, ich unterst\u00fctze liebend gerne. Die Beratung bei der Produktentwicklung und die Verbesserung von in der Entwicklung befindlichen Produkten war schon immer meine Lieblingsberatung. Und keine Sorge wegen der Bezahlung - solange der Aufwand nicht aus dem Ruder l\u00e4uft, mache ich diese Art der Beratung oft einfach aus Freude oder f\u00fcr den guten Zweck.<\/bdo><\/p>\n\n\n\n<h2 class=\"wp-block-heading\" style=\"font-size:clamp(14px, 0.875rem + ((1vw - 3.2px) * 0.625), 20px);line-height:1.5\"><strong><bdo lang=\"en\" dir=\"ltr\">F\u00fcr p\u00e4dagogisch t\u00e4tige Menschen und Bildungseinrichtungen<\/bdo><\/strong><\/h2>\n\n\n\n<p class=\"has-small-font-size\" style=\"margin-top:8px\"><bdo lang=\"en\" dir=\"ltr\">Ganz ehrlich, ich bin kein Lehrer. Ich will auch nicht behaupten, dass ich mehr \u00fcber das Unterrichten oder die Vermittlung von Lehrplaninhalten wei\u00df als Menschen, die das tagt\u00e4glich beruflich machen. Was ich jedoch bieten kann, ist eine fachkundige Au\u00dfenperspektive, die sich auf eine Menge Erfahrung und Fachwissen st\u00fctzt und die in der Vergangenheit schon f\u00fcr viele Menschen inspirierend und wertvoll war. <\/bdo><\/p>\n<\/div>\n<\/div>\n<\/div>\n\n\n\n<div class=\"wp-block-column is-layout-flow wp-block-column-is-layout-flow\" style=\"flex-basis:50%\">\n<figure class=\"wp-block-image size-full\"><img loading=\"lazy\" decoding=\"async\" width=\"1024\" height=\"1024\" src=\"https:\/\/its-your-turn.com\/wp-content\/uploads\/2024\/09\/Designer-3.jpeg\" alt=\"\" class=\"wp-image-249\" style=\"aspect-ratio:1;object-fit:cover\" srcset=\"https:\/\/its-your-turn.com\/wp-content\/uploads\/2024\/09\/Designer-3.jpeg 1024w, https:\/\/its-your-turn.com\/wp-content\/uploads\/2024\/09\/Designer-3-300x300.jpeg 300w, https:\/\/its-your-turn.com\/wp-content\/uploads\/2024\/09\/Designer-3-150x150.jpeg 150w, https:\/\/its-your-turn.com\/wp-content\/uploads\/2024\/09\/Designer-3-768x768.jpeg 768w\" sizes=\"auto, (max-width: 1024px) 100vw, 1024px\" \/><\/figure>\n\n\n\n<h2 class=\"wp-block-heading\" style=\"font-size:clamp(14px, 0.875rem + ((1vw - 3.2px) * 0.625), 20px);line-height:1.5\"><strong><bdo lang=\"en\" dir=\"ltr\">Und f\u00fcr wen sonst?<\/bdo><\/strong><\/h2>\n\n\n\n<p class=\"has-small-font-size\" style=\"margin-top:8px\"><bdo lang=\"en\" dir=\"ltr\">Keine der vorher genannten Gruppen hat so recht gepasst? Was kann es schaden, mich trotzdem zu fragen?<\/bdo><\/p>\n\n\n\n<div class=\"wp-block-buttons is-content-justification-center is-layout-flex wp-container-core-buttons-is-layout-a89b3969 wp-block-buttons-is-layout-flex\">\n<div class=\"wp-block-button\"><a class=\"wp-block-button__link wp-element-button\" href=\"mailto:info@its-your-turn.com?subject=Hey%20there!\">Kontaktaufnahme<\/a><\/div>\n<\/div>\n<\/div>\n<\/div>\n<\/div>\n\n\n\n<p><\/p>","protected":false},"excerpt":{"rendered":"<p>Its-Your-Turn-Consulting I offer my expertise in developmental psychology, pedagogy, and the development of games and toys with increased educational value. I gained this experience during my doctorate and my time in the education, toy, and board game industry.I am particularly happy to receive inquiries from publishers, authors, and designers, as well as projects dedicated to [&hellip;]<\/p>\n","protected":false},"author":1,"featured_media":0,"parent":0,"menu_order":0,"comment_status":"closed","ping_status":"closed","template":"","meta":{"footnotes":""},"class_list":["post-10","page","type-page","status-publish","hentry"],"_links":{"self":[{"href":"https:\/\/its-your-turn.com\/de\/wp-json\/wp\/v2\/pages\/10","targetHints":{"allow":["GET"]}}],"collection":[{"href":"https:\/\/its-your-turn.com\/de\/wp-json\/wp\/v2\/pages"}],"about":[{"href":"https:\/\/its-your-turn.com\/de\/wp-json\/wp\/v2\/types\/page"}],"author":[{"embeddable":true,"href":"https:\/\/its-your-turn.com\/de\/wp-json\/wp\/v2\/users\/1"}],"replies":[{"embeddable":true,"href":"https:\/\/its-your-turn.com\/de\/wp-json\/wp\/v2\/comments?post=10"}],"version-history":[{"count":21,"href":"https:\/\/its-your-turn.com\/de\/wp-json\/wp\/v2\/pages\/10\/revisions"}],"predecessor-version":[{"id":252,"href":"https:\/\/its-your-turn.com\/de\/wp-json\/wp\/v2\/pages\/10\/revisions\/252"}],"wp:attachment":[{"href":"https:\/\/its-your-turn.com\/de\/wp-json\/wp\/v2\/media?parent=10"}],"curies":[{"name":"wp","href":"https:\/\/api.w.org\/{rel}","templated":true}]}}